{"id":6,"date":"2014-01-15T22:03:05","date_gmt":"2014-01-15T21:03:05","guid":{"rendered":"http:\/\/www.theitwins.ch\/?page_id=5"},"modified":"2017-09-22T10:51:53","modified_gmt":"2017-09-22T08:51:53","slug":"biographie","status":"publish","type":"page","link":"https:\/\/theitwins.ch\/fr\/biographie\/","title":{"rendered":"A propos"},"content":{"rendered":"<p>The I-Twins est un duo vocal compos\u00e9, comme son nom l&rsquo;indique, de deux\u00a0fr\u00e8re et s\u0153ur jumeaux, Quentin et\u00a0Camille. Leur musique tire ses racines dans la musique jama\u00efcaine de la fin des ann\u00e9es 60 au d\u00e9but des ann\u00e9es 80 et est enrichie de touches jazz et soul. Les harmonies vocales y jouent un r\u00f4le essentiel. Les I-Twins se produisent sur sc\u00e8ne depuis 2014, la plupart du temps accompagn\u00e9s de musiciens en partie issus du groupe <span style=\"color: #7d5020;\"><a style=\"color: #7d5020;\" href=\"https:\/\/www.najavibes.ch\/\" target=\"_blank\" rel=\"noopener noreferrer\"><strong>Najavibes<\/strong><\/a> <\/span>en formation compl\u00e8te &#8211; basse, batterie, guitares, claviers, cuivres &#8211; et \u00e0 certaines occasions en formation acoustique &#8211; guitare, clavier.<\/p>\n<p>\r\n<div class=\"slider_4\">\r\n\t\t<ul id=\"slider_4\" class=\"huge-it-slider\" data-autoplay=\"0\">\r\n\t\t\t\t\t\t\t<li class=\"group\">\r\n\t\t\t\t\t\t\t\t\t\t\t\t\t<img src=\"https:\/\/theitwins.ch\/wp-content\/uploads\/2017\/01\/Michael-1.jpg\" alt=\"Michael\"\/>\r\n\t\t\t\t\t\t\t\t\t\t\t\t\t\t\t\t\t\t\t<div class=\"huge-it-caption slider-title\">\r\n\t\t\t\t\t\t\t\t<div>Michael<\/div>\r\n\t\t\t\t\t\t\t<\/div>\r\n\t\t\t\t\t\t\t\t\t\t\t\t\t\t\t\t\t<\/li>\r\n\t\t\t\t\t\t\t\t\t\t<li class=\"group\">\r\n\t\t\t\t\t\t\t\t\t\t\t\t\t<img src=\"https:\/\/theitwins.ch\/wp-content\/uploads\/2017\/01\/Mathias-1.jpg\" alt=\"Mathias\"\/>\r\n\t\t\t\t\t\t\t\t\t\t\t\t\t\t\t\t\t\t\t<div class=\"huge-it-caption slider-title\">\r\n\t\t\t\t\t\t\t\t<div>Mathias<\/div>\r\n\t\t\t\t\t\t\t<\/div>\r\n\t\t\t\t\t\t\t\t\t\t\t\t\t\t\t\t\t<\/li>\r\n\t\t\t\t\t\t\t\t\t\t<li class=\"group\">\r\n\t\t\t\t\t\t\t\t\t\t\t\t\t<img src=\"https:\/\/theitwins.ch\/wp-content\/uploads\/2017\/01\/Antonin-1.jpg\" alt=\"Antonin\"\/>\r\n\t\t\t\t\t\t\t\t\t\t\t\t\t\t\t\t\t\t\t<div class=\"huge-it-caption slider-title\">\r\n\t\t\t\t\t\t\t\t<div>Antonin<\/div>\r\n\t\t\t\t\t\t\t<\/div>\r\n\t\t\t\t\t\t\t\t\t\t\t\t\t\t\t\t\t<\/li>\r\n\t\t\t\t\t\t\t\t\t\t<li class=\"group\">\r\n\t\t\t\t\t\t\t\t\t\t\t\t\t<img src=\"https:\/\/theitwins.ch\/wp-content\/uploads\/2017\/01\/Stuf-1.jpg\" alt=\"Stuf\"\/>\r\n\t\t\t\t\t\t\t\t\t\t\t\t\t\t\t\t\t\t\t<div class=\"huge-it-caption slider-title\">\r\n\t\t\t\t\t\t\t\t<div>Stuf<\/div>\r\n\t\t\t\t\t\t\t<\/div>\r\n\t\t\t\t\t\t\t\t\t\t\t\t\t\t\t\t\t<\/li>\r\n\t\t\t\t\t\t\t\t\t\t<li class=\"group\">\r\n\t\t\t\t\t\t\t\t\t\t\t\t\t<img src=\"https:\/\/theitwins.ch\/wp-content\/uploads\/2017\/01\/Quentin-1.jpg\" alt=\"Quentin\"\/>\r\n\t\t\t\t\t\t\t\t\t\t\t\t\t\t\t\t\t\t\t<div class=\"huge-it-caption slider-title\">\r\n\t\t\t\t\t\t\t\t<div>Quentin<\/div>\r\n\t\t\t\t\t\t\t<\/div>\r\n\t\t\t\t\t\t\t\t\t\t\t\t\t\t\t\t\t<\/li>\r\n\t\t\t\t\t\t\t\t\t\t<li class=\"group\">\r\n\t\t\t\t\t\t\t\t\t\t\t\t\t<img src=\"https:\/\/theitwins.ch\/wp-content\/uploads\/2017\/01\/Solal-1.jpg\" alt=\"Solal\"\/>\r\n\t\t\t\t\t\t\t\t\t\t\t\t\t\t\t\t\t\t\t<div class=\"huge-it-caption slider-title\">\r\n\t\t\t\t\t\t\t\t<div>Solal<\/div>\r\n\t\t\t\t\t\t\t<\/div>\r\n\t\t\t\t\t\t\t\t\t\t\t\t\t\t\t\t\t<\/li>\r\n\t\t\t\t\t\t\t\t\t\t<li class=\"group\">\r\n\t\t\t\t\t\t\t\t\t\t\t\t\t<img src=\"https:\/\/theitwins.ch\/wp-content\/uploads\/2017\/01\/Leo-1.jpg\" alt=\"Leo\"\/>\r\n\t\t\t\t\t\t\t\t\t\t\t\t\t\t\t\t\t\t\t<div class=\"huge-it-caption slider-title\">\r\n\t\t\t\t\t\t\t\t<div>Leo<\/div>\r\n\t\t\t\t\t\t\t<\/div>\r\n\t\t\t\t\t\t\t\t\t\t\t\t\t\t\t\t\t<\/li>\r\n\t\t\t\t\t\t\t\t\t\t<li class=\"group\">\r\n\t\t\t\t\t\t\t\t\t\t\t\t\t<img src=\"https:\/\/theitwins.ch\/wp-content\/uploads\/2017\/01\/Camille-1.jpg\" alt=\"Camille\"\/>\r\n\t\t\t\t\t\t\t\t\t\t\t\t\t\t\t\t\t\t\t<div class=\"huge-it-caption slider-title\">\r\n\t\t\t\t\t\t\t\t<div>Camille<\/div>\r\n\t\t\t\t\t\t\t<\/div>\r\n\t\t\t\t\t\t\t\t\t\t\t\t\t\t\t\t\t<\/li>\r\n\t\t\t\t\t\t<\/ul>\r\n<\/div>\r\n<script>\r\n\tjQuery(function (){\r\n\t\tjQuery('#slider_4').sliderPlugin({\r\n\t\t\tmaxWidth: singleSlider_4.width,\r\n\t\t\tmaxHeight: singleSlider_4.height,\r\n\t\t\ttransition: singleSlider_4.effect,\r\n\t\t\tcontrols: singleSlider_4.navigate_by,\r\n\t\t\tcropImage: hugeitSliderObj.crop_image,\r\n\t\t\tnavigation: hugeitSliderObj.show_arrows,\r\n\t\t\tdelay: +singleSlider_4.pause_time,\r\n\t\t\ttransitionDuration: +singleSlider_4.change_speed,\r\n\t\t\tpauseOnHover: singleSlider_4.pause_on_hover\r\n\t\t});\r\n\t});\r\n<\/script><style>\r\nul#slider_4 {\r\n\tmargin: 0;\r\n\twidth: 100%;\r\n\theight: 100%;\r\n\tmax-width: 400px;\r\n\tmax-height: 400px;\r\n\toverflow: visible;\r\n\tpadding: 0;\r\n}\r\n\r\n.slider_4 {\r\n\twidth: 100%;\r\n\theight: 100%;\r\n\tmax-width: 400px;\r\n\tmax-height: 400px;\r\nmargin: 0 auto;}\r\n.huge-it-wrap:after,\r\n.huge-it-slider:after,\r\n.huge-it-thumb-wrap:after,\r\n.huge-it-arrows:after,\r\n.huge-it-caption:after {\r\n\tcontent: \".\";\r\n\tdisplay: block;\r\n\theight: 0;\r\n\tclear: both;\r\n\tline-height: 0;\r\n\tvisibility: hidden;\r\n}\r\n\r\n.video_cover, .playSlider, .pauseSlider, div[class*=playButton] {\r\n\tdisplay: none !important;\r\n}\r\n\r\n.huge-it-thumb-wrap .video_cover {\r\n\tdisplay: block !important;\r\n}\r\n\r\niframe.huge_it_vimeo_iframe {\r\n\theight: 400px;\r\n}\r\n\r\ndiv[class*=slider-loader-] {\r\n\tbackground: rgba(0, 0, 0, 0) url(https:\/\/theitwins.ch\/wp-content\/plugins\/slider-image\/assets\/images\/front\/loading\/loading1.gif) no-repeat center;\r\n\theight: 90px;\r\n\toverflow: hidden;\r\n\tposition: absolute;\r\n\ttop: 155px;;\r\n\twidth: 400px;;\r\n\tz-index: 3;\r\n}\r\n\r\n.huge-it-wrap {\r\n\topacity: 0;\r\n\tposition: relative;\r\n\tborder: 0px solid #ffffff;\r\n\t-webkit-border-radius: 0px;\r\n\t-moz-border-radius: 0px;\r\n\tborder-radius: 0px;\r\n\toverflow: hidden;;\r\n}\r\n\r\n.huge-it-slide-bg {\r\n\tbackground: rgba(255,255,255,);\r\n}\r\n\r\n.huge-it-caption {\r\n\tposition: absolute;\r\n\tdisplay: block;\r\n}\r\n\r\n.huge-it-caption div {\r\n\tpadding: 10px 20px;\r\n\tline-height: normal;\r\n}\r\n\r\n.slider-title {\r\n\twidth: calc(30% - 20px);\r\n\tmargin: 10px;\r\n\tfont-size: 13px;\r\n\tcolor: #000000;\r\n\ttext-align: right;\r\n\tbackground: rgba(255,255,255,0.7);\r\n\tborder: 0px solid #ffffff;\r\n\tborder-radius: 4px;\r\nright: 0 !important; top: 0;}\r\n\r\n.slider-description {\r\n\twidth: calc(70% - 20px);\r\n\tmargin: 10px;\r\n\tfont-size: 13px;\r\n\tcolor: #ffffff;\r\n\ttext-align: justify;\r\n\tbackground: rgba(0,0,0,0.7);\r\n\r\n\r\n\tborder: 0px solid #ffffff;\r\n\tborder-radius: 0px;\r\nright: 0 !important; bottom: 0;}\r\n\r\n.slider_4 .huge-it-slider > li {\r\n\tlist-style: none;\r\n\tfilter: alpha(opacity=0);\r\n\topacity: 0;\r\n\twidth: 100%;\r\n\theight: 100%;\r\n\tmargin: 0 -100% 0 0;\r\n\tpadding: 0;\r\n\tfloat: left;\r\n\tposition: relative;\r\n\t;\r\n\toverflow: hidden;\r\n}\r\n\r\n.slider_4 .huge-it-slider > li > a {\r\n\tdisplay: block;\r\n\tpadding: 0;\r\n\tbackground: none;\r\n\t-webkit-border-radius: 0;\r\n\t-moz-border-radius: 0;\r\n\tborder-radius: 0;\r\n\twidth: 100%;\r\n\theight: 100%;\r\n}\r\n\r\n.slider_4 .huge-it-slider > li img {\r\n\tmax-width: 100%;\r\n\tmax-height: 100%;\r\n\tmargin: 0;\r\n\tcursor: pointer;\t\r\n}\r\n\r\n.slider_4 .huge-it-slide-bg, .slider_4 .huge-it-slider > li, .slider_4 .huge-it-slider > li > a, .slider_4 .huge-it-slider > li img {\r\n\t;\r\n}\r\n\r\n.huge-it-dot-wrap {\r\n\tposition: absolute;\r\ntop: 5px;height: 20px;\tleft: 50%;\r\n\ttransform: translateX(-50%);\r\n\tz-index: 999;\r\n}\r\n\r\n.huge-it-dot-wrap a {\r\n\t-webkit-border-radius: 8px;\r\n\t-moz-border-radius: 8px;\r\n\tborder-radius: 8px;\r\n\tcursor: pointer;\r\n\tdisplay: block;\r\n\tfloat: left;\r\n\theight: 11px;\r\n\tmargin: 2px !important;\r\n\tposition: relative;\r\n\ttext-align: left;\r\n\ttext-indent: 9999px;\r\n\twidth: 11px !important;\r\n\tbackground: #000000;\r\n\tbox-shadow: none;\r\n}\r\n\r\n.huge-it-dot-wrap a.active:focus, .huge-it-dot-wrap a:focus,\r\n.huge-it-thumb-wrap > a:focus, .huge-it-thumb-wrap > a.active:focus {\r\n\toutline: none;\r\n}\r\n\r\n.huge-it-dot-wrap a:hover {\r\n\tbackground: #000000;\r\n\tbox-shadow: none !important;\r\n}\r\n\r\n.huge-it-dot-wrap a.active {\r\n\tbackground: #ffffff;\r\n\tbox-shadow: none;\r\n}\r\n\r\n.huge-it-thumb-wrap {\r\n\tbackground: #FFFFFF;\r\n\theight: 105px ;\r\n\tmargin-left: 0;\r\n}\r\n\r\n.huge-it-thumb-wrap a.active img {\r\n\tborder-radius: 5px;\r\n\topacity: 1;\r\n}\r\n\r\n.huge-it-thumb-wrap > a {\r\n\theight: 100px;\r\n\tdisplay: block;\r\n\tfloat: left;\r\n\tposition: relative;\r\n\t-moz-box-sizing: border-box;\r\n\t-webkit-box-sizing: border-box;\r\n\tbox-sizing: border-box;\r\n\tbackground: #FFFFFF;\r\n}\r\n\r\n.huge-it-thumb-wrap a img {\r\n\topacity: 0.5;\r\n\theight: 100px;\r\n\twidth: 100%;\r\n\tdisplay: block;\r\n\t-ms-interpolation-mode: bicubic;\r\n\tbox-shadow: none !important;\r\n}\r\n\r\n.huge-it-grid {\r\n\tposition: absolute;\r\n\toverflow: hidden;\r\n\twidth: 100%;\r\n\theight: 100%;\r\n\tdisplay: none;\r\n}\r\n\r\n.huge-it-gridlet {\r\n\tposition: absolute;\r\n\topacity: 1;\r\n}\r\n\r\n.huge-it-arrows .huge-it-next,\r\n.huge-it-arrows .huge-it-prev {\r\n\tz-index: 1;\r\n}\r\n\r\n.huge-it-arrows:hover .huge-it-next,\r\n.huge-it-arrows:hover .huge-it-prev {\r\n\tz-index: 2;\r\n}\r\n\r\n.huge-it-arrows {\r\n\tcursor: pointer;\r\n\theight: 40px;\r\n\tmargin-top: -20px;\r\n\tposition: absolute;\r\n\ttop: 50%;\r\n\t\/*transform: translateY(-50%);*\/\r\n\twidth: 40px;\r\n\tz-index: 2;\r\n\tcolor: rgba(0, 0, 0, 0);\r\n\toutline: none;\r\n\tbox-shadow: none !important;\r\n}\r\n\r\n.huge-it-arrows:hover, .huge-it-arrows:active, .huge-it-arrows:focus,\r\n.huge-it-dot-wrap a:hover, .huge-it-dot-wrap a:active, .huge-it-dot-wrap a:focus {\r\n\toutline: none;\r\n\tbox-shadow: none !important;\r\n}\r\n\r\n.ts-arrow:hover {\r\n\topacity: .95;\r\n\ttext-decoration: none;\r\n}\r\n\r\n.huge-it-prev {\r\n\tleft:0;\r\n\tmargin-top:-21px;\r\n\theight:43px;\r\n\twidth:29px;\r\n\tbackground:url(https:\/\/theitwins.ch\/wp-content\/plugins\/slider-image\/assets\/images\/front\/arrows\/arrows1.png) left  top no-repeat;\r\n\tbackground-size: 200%;\r\n}\r\n\r\n.huge-it-next {\r\n\tright:0;\r\n\tmargin-top:-21px;\r\n\theight:43px;\r\n\twidth:29px;\r\n\tbackground:url(https:\/\/theitwins.ch\/wp-content\/plugins\/slider-image\/assets\/images\/front\/arrows\/arrows1.png) right top no-repeat;\r\n\tbackground-size: 200%;\r\n\r\n}\r\n<\/style>\r\n<br \/>\nAddicts de roots reggae depuis l\u2019\u00e2ge de treize ans, les jumeaux ont commenc\u00e9 ensemble leur aventure musicale \u00e0 dix-neuf ans, en 2008, d\u2019abord dans l\u2019ombre en jouant et composant ensemble, puis au grand jour d\u00e8s 2014 avec la sortie de leur premier album autoproduit <span style=\"color: #7d5020;\"><a style=\"color: #7d5020;\" href=\"http:\/\/theitwins.ch\/media\/music\/\" target=\"_blank\" rel=\"noopener noreferrer\"><strong>\u00ab\u00a0The Way For We\u00a0\u00bb<\/strong><\/a>,<\/span> mix\u00e9 par <span style=\"color: #7d5020;\"><strong><a style=\"color: #7d5020;\" href=\"http:\/\/thewisestudio.wixsite.com\/wisestudio\/presentation#!\" target=\"_blank\" rel=\"noopener noreferrer\">Fabwize<\/a><\/strong><\/span>. Depuis lors, ils ont pr\u00e9sent\u00e9 leurs compositions lors de plus d\u2019une vingtaine de concerts en Suisse romande et allemande.<\/p>\n<p>Durant cette p\u00e9riode, en parall\u00e8le des concerts, ils ont poursuivi la composition, et c\u2019est tout naturellement qu\u2019a pris forme le deuxi\u00e8me album autoproduit \u00e9galement, sorti sous le nom de <span style=\"color: #7d5020;\"><a style=\"color: #7d5020;\" href=\"http:\/\/theitwins.ch\/the-master-plan\/\" target=\"_blank\" rel=\"noopener noreferrer\"><strong>\u00ab The Master Plan \u00bb<\/strong><\/a><\/span> le 2 juin 2017. Les enregistrements ont d\u00e9but\u00e9 en juin 2016 et se sont termin\u00e9s en janvier 2017. Pour le mix de cet album, les I-Twins ont eu la chance de travailler avec <span style=\"color: #7d5020;\"><a style=\"color: #7d5020;\" href=\"http:\/\/loneark.com\/\" target=\"_blank\" rel=\"noopener noreferrer\"><strong>Roberto S\u00e1nchez<\/strong><\/a><\/span>, producteur et musicien de renom, sp\u00e9cialiste du roots reggae.<\/p>\n<p>Pour les I-Twins, la musique est un puissant vecteur de messages, c\u2019est pourquoi ils accordent beaucoup d\u2019importance aux paroles. Leurs chansons traitent de th\u00e8mes qui leur tiennent \u00e0 coeur, certains \u00e9tant d\u2019ordre politique, d\u2019autres d\u2019ordre personnel. Le but \u00e9tant que, m\u00eame lorsqu\u2019il s\u2019agit de th\u00e8mes bien pr\u00e9cis et personnels, les paroles soient r\u00e9dig\u00e9es de la fa\u00e7on la plus large possible et qu\u2019ainsi chacun, quel que soit son v\u00e9cu et son bagage, puisse s\u2019y identifier.<\/p>\n<p>En dehors de leur projet musical commun, tous deux sont impliqu\u00e9s dans d\u2019autres projets musicaux depuis plusieurs ann\u00e9es, Camille \u00e9voluant comme chanteuse au sein du sound system <span style=\"color: #7d5020;\"><a style=\"color: #7d5020;\" href=\"http:\/\/www.skankinsociety.ch\" target=\"_blank\" rel=\"noopener noreferrer\"><strong>Skankin&rsquo; Society<\/strong><\/a><\/span>, et Quentin comme bassiste au sein de <span style=\"color: #7d5020;\"><a style=\"color: #7d5020;\" href=\"http:\/\/www.najavibes.ch\" target=\"_blank\" rel=\"noopener noreferrer\"><strong>Najavibes<\/strong><\/a><\/span> et comme producteur au sein de <span style=\"color: #7d5020;\"><a style=\"color: #7d5020;\" href=\"http:\/\/fruitsrecords.com\/\" target=\"_blank\" rel=\"noopener noreferrer\"><strong>Fruits Records<\/strong><\/a><\/span>.<\/p>\n<p style=\"text-align: justify;\">\n","protected":false},"excerpt":{"rendered":"<p class=\"excerpt\">The I-Twins est un duo vocal compos\u00e9, comme son nom l&rsquo;indique, de deux\u00a0fr\u00e8re et s\u0153ur jumeaux, Quentin et\u00a0Camille. Leur musique tire ses racines dans la musique jama\u00efcaine de la fin des ann\u00e9es 60 au d\u00e9but des ann\u00e9es 80 et est enrichie de touches jazz et soul. Les harmonies vocales y jouent un r\u00f4le essentiel. Les I-Twins se produisent sur sc\u00e8ne&hellip; <a href=\"https:\/\/theitwins.ch\/fr\/biographie\/\">Read more &rarr;<\/a><\/p>\n","protected":false},"author":3,"featured_media":0,"parent":0,"menu_order":2,"comment_status":"closed","ping_status":"closed","template":"","meta":{"sfsi_plus_gutenberg_text_before_share":"","sfsi_plus_gutenberg_show_text_before_share":"","sfsi_plus_gutenberg_icon_type":"","sfsi_plus_gutenberg_icon_alignemt":"","sfsi_plus_gutenburg_max_per_row":""},"_links":{"self":[{"href":"https:\/\/theitwins.ch\/fr\/wp-json\/wp\/v2\/pages\/6\/"}],"collection":[{"href":"https:\/\/theitwins.ch\/fr\/wp-json\/wp\/v2\/pages\/"}],"about":[{"href":"https:\/\/theitwins.ch\/fr\/wp-json\/wp\/v2\/types\/page\/"}],"author":[{"embeddable":true,"href":"https:\/\/theitwins.ch\/fr\/wp-json\/wp\/v2\/users\/3\/"}],"replies":[{"embeddable":true,"href":"https:\/\/theitwins.ch\/fr\/wp-json\/wp\/v2\/comments\/?post=6"}],"version-history":[{"count":21,"href":"https:\/\/theitwins.ch\/fr\/wp-json\/wp\/v2\/pages\/6\/revisions\/"}],"predecessor-version":[{"id":1449,"href":"https:\/\/theitwins.ch\/fr\/wp-json\/wp\/v2\/pages\/6\/revisions\/1449\/"}],"wp:attachment":[{"href":"https:\/\/theitwins.ch\/fr\/wp-json\/wp\/v2\/media\/?parent=6"}],"curies":[{"name":"wp","href":"https:\/\/api.w.org\/{rel}","templated":true}]}}