{"id":293,"date":"2014-10-19T21:53:00","date_gmt":"2014-10-19T20:53:00","guid":{"rendered":"http:\/\/www.theitwins.ch\/?page_id=293"},"modified":"2022-03-10T17:24:03","modified_gmt":"2022-03-10T16:24:03","slug":"medias","status":"publish","type":"page","link":"https:\/\/theitwins.ch\/fr\/medias\/","title":{"rendered":"M\u00e9dias"},"content":{"rendered":"<h1>Presse \u00e9crite<\/h1>\n<ul>\n<li><span style=\"color: #7d5020;\"><a style=\"color: #7d5020;\" href=\"https:\/\/lavieenreggae.wordpress.com\/2017\/11\/15\/i-twins-the-master-plan\/#more-2349\" target=\"_blank\" rel=\"noopener noreferrer\">Revue de l&rsquo;album \u00ab\u00a0The Master Plan\u00a0\u00bb sur La Vie Reggae (Novembre 2017)<\/a><\/span><\/li>\n<\/ul>\n<p style=\"padding-left: 60px;\">\u00ab\u00a0&#8230;<em>Le disque comporte 12 titres efficaces et bien ficel\u00e9s qui nous transportent une fois de plus dans l\u2019univers color\u00e9 des I-Twins. Chaque chanson est un \u00e9quilibre parfait entre texte et musique, le tout port\u00e9 par deux voix g\u00e9niales\u00a0! \u00ab\u00a0<\/em><\/p>\n<ul>\n<li><span style=\"color: #7d5020;\"><a style=\"color: #7d5020;\" href=\"https:\/\/unitedreggae.com\/articles\/n2258\/083017\/the-i-twins-the-master-plan\" target=\"_blank\" rel=\"noopener noreferrer\">Revue de l&rsquo;album \u00ab\u00a0The Master Plan\u00a0\u00bb sur United Reggae (Ao\u00fbt 2017)<\/a><\/span><\/li>\n<\/ul>\n<p style=\"padding-left: 60px;\">\u00ab\u00a0&#8230;<em>The arrangements are beautiful, the harmonizing is smooth as Caribbean breeze and the lyrics can be fierce when the duo criticizes consumerism and the way of living. This is reggae with excellent musicianship with touches of jazz and soul.\u00a0\u00bb<\/em><\/p>\n<ul>\n<li><span style=\"color: #7d5020;\"><a style=\"color: #7d5020;\" href=\"http:\/\/www.eventireggae.it\/the-master-plan-la-recensione-del-nuovo-album-dei-the-i-twins\/\" target=\"_blank\" rel=\"noopener noreferrer\">Revue de l&rsquo;album \u00ab\u00a0The Master Plan\u00a0\u00bb sur Eventireggae.it (juin 2017)<\/a><\/span><\/li>\n<\/ul>\n<p style=\"padding-left: 60px;\">\u00ab\u00a0<em>&#8230;The Master Plan si dimostra non solo un ottimo album che verr\u00e0 sicuramente apprezzato dagli amanti del roots vecchia scuola, ma conferma la Svizzera come uno dei paesi pi\u00f9 influenti della scena reggae continentale.\u00a0\u00bb<\/em><\/p>\n<ul>\n<li><span style=\"color: #7d5020;\"><a style=\"color: #7d5020;\" href=\"http:\/\/www.reggae.be\/en\/news?f=undefined;undefined;;;0&amp;id=14036\" target=\"_blank\" rel=\"noopener noreferrer\">Revue de l&rsquo;album \u00ab\u00a0The Master Plan\u00a0\u00bb sur Reggae.be (juin 2017)<\/a><\/span><\/li>\n<\/ul>\n<p style=\"padding-left: 60px;\"><em>\u00ab\u00a0With the release of &lsquo;The Master Plan&rsquo;, the second album by Swiss duo The I-Twins, Fruits Records strays from the beaten track, as until now the label only seemed to focus on releases by Jamaican veterans&#8230;\u00a0\u00bb<\/em><\/p>\n<ul>\n<li><span style=\"color: #7d5020;\"><a style=\"color: #7d5020;\" href=\"https:\/\/www.reggae-vibes.com\/reviews\/2017\/06\/the-i-twins-the-master-plan\/\" target=\"_blank\" rel=\"noopener noreferrer\">Revue de l&rsquo;album \u00ab\u00a0The Master Plan\u00a0\u00bb sur Reggae-vibes.com (juin 2017)<\/a><\/span><\/li>\n<\/ul>\n<p style=\"padding-left: 60px;\"><em>\u00ab\u00a0&#8230;\u201cThe Master Plan\u201d has the two singers alternately doing the lead vocal and harmonizing. Most of the tunes are solid offerings with some of them being real standouts. The latter include the compelling \u201cAnswer To Job\u201d (a song that deals with Quentin\u2019s friends, who had great sufferings to bear), the gorgeous \u201cWelcome\u201d, the awesome \u201cModern Slavery\u201d, and the beautiful \u201cGod Of Abraham\u201d&#8230;.\u00a0\u00bb<\/em><\/p>\n<ul>\n<li><span style=\"color: #7d5020;\"><a style=\"color: #7d5020;\" href=\"https:\/\/www.zonareggae.ro\/2017\/06\/the-i-twins-master-plan\/\" target=\"_blank\" rel=\"noopener noreferrer\">Revue de l&rsquo;album \u00ab\u00a0The Master Plan\u00a0\u00bb sur Zonereggae.ro (juin 2017)<\/a><\/span><\/li>\n<\/ul>\n<p style=\"padding-left: 60px;\"><em>\u00ab\u00a0&#8230;\u00cenregistrat la Bridge Studio\u00a0\u00een Geneva, LP-ul The Master Plan a fost mixat de c\u0103tre specialistul vintage reggae Roberto Sanchez \u0219i masterizat de c\u0103tre Sam John. Astfel, rezultatul final reprezint\u0103 o continuare perfect\u0103 a muncii \u00eencepute de cei de la Fruits Records. Totu\u0219i, acest release marcheaz\u0103 un punct de cotitur\u0103 \u00een catalogul label-ului, pun\u00e2nd pentru prima oar\u0103 \u00een centrul aten\u021biei arti\u0219ti europeni tineri&#8230;\u00a0\u00bb<\/em><\/p>\n<ul>\n<li><span style=\"color: #7d5020;\"><a style=\"color: #7d5020;\" href=\"https:\/\/www.irieites.de\/wordpress\/?p=15851\" target=\"_blank\" rel=\"noopener noreferrer\">Interview des I-Twins dans le magazine en ligne Irie Ites (juin 2017)<\/a><\/span><\/li>\n<\/ul>\n<p style=\"padding-left: 60px;\"><em>\u00ab\u00a0Die I-Twins aus Genf sind wirklich Zwillinge und spielen seit ihrer Jugend Reggae. Beide sind neben dem gemeinsamen Duo auch noch in weitere musikalische Projekte involviert. So ist Camille etwa S\u00e4ngerin beim Soundsystem Skanking Society und Quentin spielt unter anderem Bass bei den Najavibes&#8230;\u00a0\u00bb<\/em><\/p>\n<ul>\n<li><span style=\"color: #7d5020;\"><a style=\"color: #7d5020;\" href=\"http:\/\/theitwins.ch\/wp-content\/uploads\/2014\/10\/Nouvelles.ch_I-Twins-1.jpg\" target=\"_blank\" rel=\"noopener noreferrer\">Article dans le journal <em>Les Nouvelles<\/em> (janvier 2015)<\/a><\/span><\/li>\n<\/ul>\n<p style=\"padding-left: 60px;\"><em>\u00ab\u00a0The I-Twins, comme son nom l&rsquo;indique est form\u00e9 de jumeau. Un gar\u00e7on, une fille et une passion commune, le reggae. En fusionnant leurs talents dans ce projet, Camille et Quentin voient loin&#8230;\u00a0\u00bb<\/em><\/p>\n<ul>\n<li><span style=\"color: #7d5020;\"><a style=\"color: #7d5020;\" href=\"http:\/\/epic-magazine.ch\/les-i-twins-aux-creatives\/\" target=\"_blank\" rel=\"noopener noreferrer\">Article dans le magazine en ligne Epic (novembre 2014)<\/a><\/span><\/li>\n<\/ul>\n<p style=\"padding-left: 60px;\"><em><span class=\"Apple-style-span\">\u00ab\u00a0Vendredi prochain (28 novembre) sera l\u2019occasion de braver le brouillard froid de ces soir\u00e9es de novembre pour aller prendre un coup de chaleur \u00e0\u2026 Onex ! Pas question de manquer les I-Twins &amp; The Step Brothers&#8230;\u00a0\u00bb<\/span><\/em><\/p>\n<ul>\n<li><span style=\"color: #7d5020;\"><a style=\"color: #7d5020;\" href=\"http:\/\/www.signegeneve.ch\/geneve\/plein-les-watts-festival-2014-un-melange-reussi-de-reggae-jamaicain-et-regional.html\" target=\"_blank\" rel=\"noopener noreferrer\">Interview par Anne Pastori, dans Sign\u00e9 Gen\u00e8ve &#8211; La Tribune de Gen\u00e8ve (ao\u00fbt 2014)<\/a><\/span><\/li>\n<\/ul>\n<p style=\"padding-left: 60px;\"><em>\u00ab\u00a0M\u00eame regard lumineux, m\u00eame couleur de cheveux, m\u00eames dreadlocks\u00a0: \u00e0 la ville, ils sont fr\u00e8re et s\u0153ur, jumeaux qui plus est. A la sc\u00e8ne, les genevois Camille et Quentin Chappuis font partie de formations reggae locales&#8230;\u00a0\u00bb<\/em><\/p>\n<ul>\n<li><span style=\"color: #7d5020;\"><a style=\"color: #7d5020;\" href=\"http:\/\/www.lagrosseradio.com\/reggae\/webzine-reggae\/actu-reggae\/p9408-decouverte-the-i-twins.html\" target=\"_blank\" rel=\"noopener noreferrer\">Chronique La Grosse Radio: album \u00ab\u00a0The Way For We\u00a0\u00bb (juin 2014)<\/a><\/span><\/li>\n<\/ul>\n<p style=\"padding-left: 60px;\"><em>\u00ab\u00a0<span class=\"div_gauche\">Venez donc jeter un \u0153il \u00e0 cette petite nouveaut\u00e9\u00a0: des extraits du premier album des suisses de\u00a0The I-Twins&#8230;<\/span>\u00ab\u00a0<\/em><\/p>\n<ul>\n<li><span style=\"color: #7d5020;\"><a style=\"color: #7d5020;\" href=\"https:\/\/lavieenreggae.wordpress.com\/2014\/05\/23\/the-i-twins-the-way-for-we\/#more-1306\" target=\"_blank\" rel=\"noopener noreferrer\">Chronique par La vie Reggae (mai 2014)<\/a><\/span><\/li>\n<\/ul>\n<p style=\"padding-left: 60px;\"><em>\u00ab\u00a0&#8230;Camille nous laisse appr\u00e9cier son splendide timbre soul sur des titres comme \u00ab\u00a0Chantin\u2019 All The Night\u00a0\u00bb, \u00ab\u00a0The Way For Me\u00a0\u00bb ou le somptueux \u00ab\u00a0It Hurts So Good\u00a0\u00bb aux accents rocksteady. Elle d\u00e9livre des textes engag\u00e9s, pointant les probl\u00e8mes du monde et pr\u00f4nant l\u2019\u00e9veil des consciences \u00e0 l\u2019exemple de \u00ab\u00a0To The Moon\u00a0\u00bb ou \u00ab\u00a0Twelves Hours A Day\u00a0\u00bb. \u00a0Quant \u00e0 Quentin, sa voix n\u2019est pas en reste et s\u2019exprime sur des messages conscients, empreints de bon sens et d\u2019ouverture \u00e0 l\u2019image des morceaux \u00a0\u00ab\u00a0The Desert\u00a0\u00bb et du sublime \u00ab\u00a0Brother Francis\u00a0\u00bb.\u00a0\u00bb<\/em><\/p>\n<ul>\n<li><span style=\"color: #7d5020;\"><a style=\"color: #7d5020;\" href=\"http:\/\/theitwins.ch\/wp-content\/uploads\/2014\/10\/Camille-et-Quentin-1.jpg\" target=\"_blank\" rel=\"noopener noreferrer\">Article par Thierry Mertenat dans la Tribune de Gen\u00e8ve (mai 2014)<\/a><\/span><\/li>\n<\/ul>\n<p style=\"padding-left: 60px;\"><em>\u00ab\u00a0Pourquoi deux dans une \u00ab\u00a0der\u00a0\u00bb de journal qui conjugue normalement ses invit\u00e9s au singulier ? Parce que l&rsquo;un ne va pas sans l&rsquo;autre. Fr\u00e8re et soeur jumeaux. Quentin est l&rsquo;ain\u00e9, pour deux minutes. Camille ne lui en tient pas rigueur. Cela se voit sur la photo prise le long de la promenade des Bastions&#8230;\u00a0\u00bb<\/em><\/p>\n<h1>Vid\u00e9o et radio<\/h1>\n<ul>\n<li><strong>Interview des I-Twins sur Republik Kalakuta, Couleur 3 (RTS) (juin 2017)<\/strong><\/li>\n<\/ul>\n<p style=\"padding-left: 30px;\"><iframe loading=\"lazy\" src=\"\/\/tp.srgssr.ch\/p\/rts\/embed?urn=urn:rts:audio:8640444&amp;start=\" name=\"Plein Sud - I-Twins en interview\" width=\"392\" height=\"58\" frameborder=\"0\" allowfullscreen=\"allowfullscreen\"><\/iframe><\/p>\n<ul>\n<li><strong>Interview des I-Twins dans l&rsquo;\u00e9mission Oslo Reggae Show (juin 2017)<\/strong><\/li>\n<\/ul>\n<p style=\"padding-left: 30px;\"><iframe loading=\"lazy\" src=\"https:\/\/www.mixcloud.com\/widget\/iframe\/?feed=https%3A%2F%2Fwww.mixcloud.com%2Fdominicreuben%2Foslo-reggae-show-6th-june-2017-with-i-twins-interview%2F&amp;hide_cover=1&amp;light=1\" width=\"100%\" height=\"120\" frameborder=\"0\"><\/iframe><\/p>\n<ul>\n<li><strong>Interview des I-Twins sur Canal Onex dans le cadre du Festival les Cr\u00e9atives, 28 Novembre 2014<br \/>\n<\/strong><iframe loading=\"lazy\" frameborder=\"0\" width=\"750\" height=\"424\" src=\"https:\/\/www.dailymotion.com\/embed\/video\/x2bdsqd?pubtool=oembed\" allowfullscreen allow=\"autoplay\"><\/iframe><\/li>\n<\/ul>\n<ul>\n<li><strong><strong><strong>Interview et live acoustique des I-Twins dans l&rsquo;\u00e9mission Musical Mess(e) sur Radio Cit\u00e9 Gen\u00e8ve <span class=\"userContent\">92.2 FM<\/span>, 27 novembre 2014<\/strong><\/strong><\/strong><iframe loading=\"lazy\" width=\"750\" height=\"400\" scrolling=\"no\" frameborder=\"no\" src=\"https:\/\/w.soundcloud.com\/player\/?visual=true&#038;url=https%3A%2F%2Fapi.soundcloud.com%2Ftracks%2F180002116&#038;show_artwork=true&#038;maxheight=1000&#038;maxwidth=750\"><\/iframe><\/li>\n<\/ul>\n<ul>\n<li><strong><strong>Interview des I-Twins dans l&rsquo;\u00e9mission Afterwork, sur la cha\u00eene TV L\u00e9man Bleu du 21 novembre 2014<\/strong><\/strong><\/li>\n<\/ul>\n<p style=\"padding-left: 30px;\"><iframe loading=\"lazy\" src=\"http:\/\/vod.infomaniak.com\/iframe.php?url=lemanbleu\/1leman_ic2-15400\/mp4-231\/26146_090be29a-09ef-47b8-a978-c78068684149.mp4&amp;player=146&amp;vod=14&amp;mobile=lemanbleu\/1leman_ic2-15400\/mp4-323\/26146_090be29a-09ef-47b8-a978-c78068684149.mp4&amp;autostart=0&amp;loop=0&amp;preloadImage=lemanbleu\/1leman_ic2-15400\/mp4-231\/26146_090be29a-09ef-47b8-a978-c78068684149.jpg&amp;wmode=direct\" width=\"480\" height=\"288\" frameborder=\"0\"><\/iframe><\/p>\n<ul>\n<li><strong>Interview des I-Twins sur l&rsquo;Emission Azimut (Radio Cit\u00e9 Gen\u00e8ve 92.2 FM) du 12 novembre 2014<\/strong><\/li>\n<\/ul>\n<!--[if lt IE 9]><script>document.createElement('audio');<\/script><![endif]-->\n<audio class=\"wp-audio-shortcode\" id=\"audio-293-1\" preload=\"none\" style=\"width: 100%;\" controls=\"controls\"><source type=\"audio\/mpeg\" src=\"http:\/\/www.azimut.fm\/audio\/azi_20141115_i-twins.mp3?_=1\" \/><a href=\"http:\/\/www.azimut.fm\/audio\/azi_20141115_i-twins.mp3\">http:\/\/www.azimut.fm\/audio\/azi_20141115_i-twins.mp3<\/a><\/audio>\n<p>&nbsp;<\/p>\n<p>&nbsp;<\/p>\n","protected":false},"excerpt":{"rendered":"<p class=\"excerpt\">Presse \u00e9crite Revue de l&rsquo;album \u00ab\u00a0The Master Plan\u00a0\u00bb sur La Vie Reggae (Novembre 2017) \u00ab\u00a0&#8230;Le disque comporte 12 titres efficaces et bien ficel\u00e9s qui nous transportent une fois de plus dans l\u2019univers color\u00e9 des I-Twins. Chaque chanson est un \u00e9quilibre parfait entre texte et musique, le tout port\u00e9 par deux voix g\u00e9niales\u00a0! \u00ab\u00a0 Revue de l&rsquo;album \u00ab\u00a0The Master Plan\u00a0\u00bb sur&hellip; <a href=\"https:\/\/theitwins.ch\/fr\/medias\/\">Read more &rarr;<\/a><\/p>\n","protected":false},"author":3,"featured_media":0,"parent":0,"menu_order":4,"comment_status":"closed","ping_status":"closed","template":"","meta":{"sfsi_plus_gutenberg_text_before_share":"","sfsi_plus_gutenberg_show_text_before_share":"","sfsi_plus_gutenberg_icon_type":"","sfsi_plus_gutenberg_icon_alignemt":"","sfsi_plus_gutenburg_max_per_row":""},"_links":{"self":[{"href":"https:\/\/theitwins.ch\/fr\/wp-json\/wp\/v2\/pages\/293\/"}],"collection":[{"href":"https:\/\/theitwins.ch\/fr\/wp-json\/wp\/v2\/pages\/"}],"about":[{"href":"https:\/\/theitwins.ch\/fr\/wp-json\/wp\/v2\/types\/page\/"}],"author":[{"embeddable":true,"href":"https:\/\/theitwins.ch\/fr\/wp-json\/wp\/v2\/users\/3\/"}],"replies":[{"embeddable":true,"href":"https:\/\/theitwins.ch\/fr\/wp-json\/wp\/v2\/comments\/?post=293"}],"version-history":[{"count":30,"href":"https:\/\/theitwins.ch\/fr\/wp-json\/wp\/v2\/pages\/293\/revisions\/"}],"predecessor-version":[{"id":1619,"href":"https:\/\/theitwins.ch\/fr\/wp-json\/wp\/v2\/pages\/293\/revisions\/1619\/"}],"wp:attachment":[{"href":"https:\/\/theitwins.ch\/fr\/wp-json\/wp\/v2\/media\/?parent=293"}],"curies":[{"name":"wp","href":"https:\/\/api.w.org\/{rel}","templated":true}]}}