{"id":994,"date":"2017-02-06T23:02:35","date_gmt":"2017-02-06T22:02:35","guid":{"rendered":"http:\/\/theitwins.ch\/?page_id=994"},"modified":"2017-02-08T09:21:01","modified_gmt":"2017-02-08T08:21:01","slug":"traduction","status":"publish","type":"page","link":"http:\/\/theitwins.ch\/fr\/to-the-moon\/traduction\/","title":{"rendered":"To The Moon (traduction fran\u00e7aise)"},"content":{"rendered":"<p>Ils veulent aller sur la lune maintenant<br \/>\nApr\u00e8s avoir d\u00e9truit la terre<br \/>\nC&rsquo;est l&rsquo;espace qu&rsquo;ils vont ruiner<br \/>\nQuelle folie, quelle arrogance:<br \/>\nignorer les signes, tout \u00e7a pour leur soi-disant progr\u00e8s!<\/p>\n<p>Ne comprenez-vous pas les signes que la terre envoie?<br \/>\nNe l&rsquo;entendez-vous pas g\u00e9mir?<br \/>\nIl est temps de changer nos habitudes<br \/>\nIl est temps de changer et de se bouger<br \/>\nIl est temps de se bouger<br \/>\nAllez! Nous devons tous nous am\u00e9liorer<br \/>\nIl faut arr\u00eater de courir apr\u00e8s toujours plus<br \/>\nPlus, plus, plus<\/p>\n<p>Quelle m\u00e9galomanie!<br \/>\nQuelqu&rsquo;un doit leur dire d&rsquo;arr\u00eater de d\u00e9fier Jah Jah<br \/>\nParce que t\u00f4t ou tard, ils vont perdre \u00e0 ce petit jeu<br \/>\nEt il n&rsquo;y aura personne d&rsquo;autre que nous \u00e0 bl\u00e2mer<\/p>\n<p>Arr\u00eatez de provoquer notre P\u00e8re!<br \/>\nArr\u00eatez de d\u00e9fier notre M\u00e8re nature!<\/p>\n<p>Apr\u00e8s avoir colonis\u00e9 la lune,<br \/>\nPeut-\u00eatre que ce sera au tour du soleil,<br \/>\nMais vous les verrez bient\u00f4t se br\u00fbler les ailes<\/p>\n","protected":false},"excerpt":{"rendered":"<p class=\"excerpt\">Ils veulent aller sur la lune maintenant Apr\u00e8s avoir d\u00e9truit la terre C&rsquo;est l&rsquo;espace qu&rsquo;ils vont ruiner Quelle folie, quelle arrogance: ignorer les signes, tout \u00e7a pour leur soi-disant progr\u00e8s! Ne comprenez-vous pas les signes que la terre envoie? Ne l&rsquo;entendez-vous pas g\u00e9mir? Il est temps de changer nos habitudes Il est temps de changer et de se bouger Il&hellip; <a href=\"http:\/\/theitwins.ch\/fr\/to-the-moon\/traduction\/\">Read more &rarr;<\/a><\/p>\n","protected":false},"author":3,"featured_media":0,"parent":809,"menu_order":0,"comment_status":"closed","ping_status":"closed","template":"","meta":{"sfsi_plus_gutenberg_text_before_share":"","sfsi_plus_gutenberg_show_text_before_share":"","sfsi_plus_gutenberg_icon_type":"","sfsi_plus_gutenberg_icon_alignemt":"","sfsi_plus_gutenburg_max_per_row":""},"_links":{"self":[{"href":"http:\/\/theitwins.ch\/fr\/wp-json\/wp\/v2\/pages\/994\/"}],"collection":[{"href":"http:\/\/theitwins.ch\/fr\/wp-json\/wp\/v2\/pages\/"}],"about":[{"href":"http:\/\/theitwins.ch\/fr\/wp-json\/wp\/v2\/types\/page\/"}],"author":[{"embeddable":true,"href":"http:\/\/theitwins.ch\/fr\/wp-json\/wp\/v2\/users\/3\/"}],"replies":[{"embeddable":true,"href":"http:\/\/theitwins.ch\/fr\/wp-json\/wp\/v2\/comments\/?post=994"}],"version-history":[{"count":4,"href":"http:\/\/theitwins.ch\/fr\/wp-json\/wp\/v2\/pages\/994\/revisions\/"}],"predecessor-version":[{"id":1033,"href":"http:\/\/theitwins.ch\/fr\/wp-json\/wp\/v2\/pages\/994\/revisions\/1033\/"}],"up":[{"embeddable":true,"href":"http:\/\/theitwins.ch\/fr\/wp-json\/wp\/v2\/pages\/809\/"}],"wp:attachment":[{"href":"http:\/\/theitwins.ch\/fr\/wp-json\/wp\/v2\/media\/?parent=994"}],"curies":[{"name":"wp","href":"https:\/\/api.w.org\/{rel}","templated":true}]}}