{"id":687,"date":"2017-01-10T18:36:43","date_gmt":"2017-01-10T17:36:43","guid":{"rendered":"http:\/\/theitwins.ch\/?page_id=687"},"modified":"2022-03-28T23:51:31","modified_gmt":"2022-03-28T21:51:31","slug":"the-master-plan","status":"publish","type":"page","link":"http:\/\/theitwins.ch\/fr\/the-master-plan\/","title":{"rendered":"\u00ab\u00a0The Master Plan\u00a0\u00bb"},"content":{"rendered":"<p><iframe loading=\"lazy\" style=\"border: 0; width: 400px; height: 472px;\" src=\"https:\/\/bandcamp.com\/EmbeddedPlayer\/album=3546697618\/size=large\/bgcol=ffffff\/linkcol=0687f5\/artwork=small\/transparent=true\/\" width=\"300\" height=\"150\" seamless=\"\"><a href=\"http:\/\/theitwins.bandcamp.com\/album\/the-master-plan-2lp-version\">The Master Plan (2LP version) by The I-Twins<\/a><\/iframe><\/p>\n<p><em><img loading=\"lazy\" class=\"alignnone wp-image-1295\" src=\"http:\/\/theitwins.ch\/wp-content\/uploads\/2017\/05\/FB-820x430-The-i-Twins-release-300x157.jpg\" alt=\"\" width=\"649\" height=\"340\" srcset=\"http:\/\/theitwins.ch\/wp-content\/uploads\/2017\/05\/FB-820x430-The-i-Twins-release-300x157.jpg 300w, http:\/\/theitwins.ch\/wp-content\/uploads\/2017\/05\/FB-820x430-The-i-Twins-release-600x315.jpg 600w, http:\/\/theitwins.ch\/wp-content\/uploads\/2017\/05\/FB-820x430-The-i-Twins-release-768x403.jpg 768w, http:\/\/theitwins.ch\/wp-content\/uploads\/2017\/05\/FB-820x430-The-i-Twins-release.jpg 820w\" sizes=\"(max-width: 649px) 100vw, 649px\" \/><\/em><\/p>\n<h1>Musiciens<\/h1>\n<ul>\n<li>Camille Chappuis : Chant<\/li>\n<li>Quentin Chappuis : Chant et basse<\/li>\n<li>Antonin Chatelain : Batterie<\/li>\n<li>Primo Viviani : Basse<\/li>\n<li>St\u00e9phane \u00abStuf Addis\u00bb Lambercy : Basse<\/li>\n<li>Mathias Liengme : Piano, orgue, wurlitzer, clavinet, solina, keyboards, percussion et kete<\/li>\n<li>Roberto S\u00e1nchez : Solina et percussions<\/li>\n<li>L\u00e9o Marin: Guitare rythmique<\/li>\n<li>Solal Excoffier : Guitare solo<\/li>\n<li>Michael Borcard : Saxophone (tenor, alto and baritone) et moog<\/li>\n<li>Alexandre Schneiter : Trompette et harmonies vocales<\/li>\n<li>Anthony Buclin : Trombone<\/li>\n<li>Julien Plaza : Harmonies vocales<\/li>\n<li>J\u00e9r\u00f4me \u00abJeronimo\u00bb Nidegger : Harmonica<\/li>\n<li>Raphael Anker : Trompette \u00e9lectronique<\/li>\n<\/ul>\n<h1>Cr\u00e9dits<\/h1>\n<ul>\n<li>Produit par Camille et Quentin Chappuis<\/li>\n<li>Textes par Quentin et Camille Chappuis<\/li>\n<li>Compositions par Camille et Quentin Chappuis, Mathias Liengme et Michael Borcard<\/li>\n<li>Arrangements par Quentin et Camille Chappuis, Mathias Liengme, Michael Borcard, Solal Excoffier, Antonin Chatelain, Primo Viviani et Alexandre Schneiter<\/li>\n<li>Enregistr\u00e9 par Mathias Liengme \u00e0 Bridge Studio (Gen\u00e8ve)<\/li>\n<li>Enregistrements suppl\u00e9mentaires par Quentin Chappuis \u00e0 I-Twins Studio (Gen\u00e8ve) et par Fran\u00e7ois Spreng \u00e0 Lake Mountain Studio (Vevey)<\/li>\n<li>Mix\u00e9 par Roberto S\u00e1nchez \u00e0 A-Lone Ark Studio (Espagne)<\/li>\n<li>Mastering par Sam John \u00e0 Precise Mastering (Ecosse)<\/li>\n<li>Distribu\u00e9 par Fruits Records<\/li>\n<li>Illustration par Jeanne Tara<\/li>\n<li>Graphisme par C\u00e9line Nidegger<\/li>\n<\/ul>\n<p><img loading=\"lazy\" class=\" wp-image-1248 aligncenter\" src=\"http:\/\/theitwins.ch\/wp-content\/uploads\/2017\/02\/668x501-fit.557x501-300x270.jpeg\" alt=\"\" width=\"578\" height=\"520\" srcset=\"http:\/\/theitwins.ch\/wp-content\/uploads\/2017\/02\/668x501-fit.557x501-300x270.jpeg 300w, http:\/\/theitwins.ch\/wp-content\/uploads\/2017\/02\/668x501-fit.557x501.jpeg 557w\" sizes=\"(max-width: 578px) 100vw, 578px\" \/><\/p>\n","protected":false},"excerpt":{"rendered":"<p class=\"excerpt\">The Master Plan (2LP version) by The I-Twins Musiciens Camille Chappuis : Chant Quentin Chappuis : Chant et basse Antonin Chatelain : Batterie Primo Viviani : Basse St\u00e9phane \u00abStuf Addis\u00bb Lambercy : Basse Mathias Liengme : Piano, orgue, wurlitzer, clavinet, solina, keyboards, percussion et kete Roberto S\u00e1nchez : Solina et percussions L\u00e9o Marin: Guitare rythmique Solal Excoffier : Guitare solo&hellip; <a href=\"http:\/\/theitwins.ch\/fr\/the-master-plan\/\">Read more &rarr;<\/a><\/p>\n","protected":false},"author":1,"featured_media":0,"parent":0,"menu_order":0,"comment_status":"closed","ping_status":"closed","template":"","meta":{"sfsi_plus_gutenberg_text_before_share":"","sfsi_plus_gutenberg_show_text_before_share":"","sfsi_plus_gutenberg_icon_type":"","sfsi_plus_gutenberg_icon_alignemt":"","sfsi_plus_gutenburg_max_per_row":""},"_links":{"self":[{"href":"http:\/\/theitwins.ch\/fr\/wp-json\/wp\/v2\/pages\/687\/"}],"collection":[{"href":"http:\/\/theitwins.ch\/fr\/wp-json\/wp\/v2\/pages\/"}],"about":[{"href":"http:\/\/theitwins.ch\/fr\/wp-json\/wp\/v2\/types\/page\/"}],"author":[{"embeddable":true,"href":"http:\/\/theitwins.ch\/fr\/wp-json\/wp\/v2\/users\/1\/"}],"replies":[{"embeddable":true,"href":"http:\/\/theitwins.ch\/fr\/wp-json\/wp\/v2\/comments\/?post=687"}],"version-history":[{"count":25,"href":"http:\/\/theitwins.ch\/fr\/wp-json\/wp\/v2\/pages\/687\/revisions\/"}],"predecessor-version":[{"id":1886,"href":"http:\/\/theitwins.ch\/fr\/wp-json\/wp\/v2\/pages\/687\/revisions\/1886\/"}],"wp:attachment":[{"href":"http:\/\/theitwins.ch\/fr\/wp-json\/wp\/v2\/media\/?parent=687"}],"curies":[{"name":"wp","href":"https:\/\/api.w.org\/{rel}","templated":true}]}}