{"id":1038,"date":"2017-02-08T09:35:21","date_gmt":"2017-02-08T08:35:21","guid":{"rendered":"http:\/\/theitwins.ch\/?page_id=1038"},"modified":"2017-02-11T16:39:39","modified_gmt":"2017-02-11T15:39:39","slug":"traduction","status":"publish","type":"page","link":"http:\/\/theitwins.ch\/fr\/the-way-for-me\/traduction\/","title":{"rendered":"The Way For Me (traduction fran\u00e7aise)"},"content":{"rendered":"<p><iframe loading=\"lazy\" style=\"border: 0; width: 100%; height: 42px;\" src=\"https:\/\/bandcamp.com\/EmbeddedPlayer\/album=1850650522\/size=small\/bgcol=ffffff\/linkcol=e99708\/track=2067609607\/transparent=true\/\" width=\"300\" height=\"150\" seamless=\"\"><a href=\"http:\/\/theitwins.bandcamp.com\/album\/the-way-for-we\">The Way For We by The I-Twins<\/a><\/iframe><br \/>\n<em>Paroles: Camille &amp; Quentin Chappuis<br \/>\nComposition: Camille &amp; Quentin Chappuis<br \/>\nArrangement: Camille &amp; Quentin Chappuis, Antonin Chatelain, Mathias Liengme<br \/>\n2009-2013<\/em><\/p>\n<p>J&rsquo;ai choisi le chemin qui me convient<br \/>\nEt c&rsquo;est la seule fa\u00e7on dont je veux vivre<\/p>\n<p>Ne me dites pas ce que je dois faire ni o\u00f9 je dois aller<br \/>\nMon c\u0153ur est ma boussole<br \/>\nEt c&rsquo;est la seule que je suive<br \/>\nJe ne veux pas de vos conseils, non!<\/p>\n<p>Je ne vais pas m&rsquo;excuser<br \/>\nDe ne pas \u00eatre qui vous voulez que je sois<br \/>\nEt vous devez r\u00e9aliser<br \/>\nQue personne \u00e0 part I&amp;I ne peut me juger<br \/>\nEt il n&rsquo;y a rien que je puisse faire<br \/>\nSi la route que j&rsquo;ai choisi d&#8217;emprunter<br \/>\nVous fait peur<\/p>\n<p>Est-ce que vous avez le souvenir que je vous aie demand\u00e9<br \/>\nce que j&rsquo;\u00e9tais cens\u00e9e faire?<br \/>\nNon, je ne crois pas<br \/>\nAlors ne venez pas me parler<br \/>\nde ce qui est bon pour moi<br \/>\nCar je sais d\u00e9j\u00e0<br \/>\nQue je suis sur le bon chemin<br \/>\nAvec mon c\u0153ur comme boussole<br \/>\net Jah comme mon seul guide et ma seule lumi\u00e8re<\/p>\n<p>J&rsquo;ai choisi le chemin qui me convient<br \/>\nEt c&rsquo;est la seule fa\u00e7on dont je veux vivre<\/p>\n","protected":false},"excerpt":{"rendered":"<p class=\"excerpt\">The Way For We by The I-Twins Paroles: Camille &amp; Quentin Chappuis Composition: Camille &amp; Quentin Chappuis Arrangement: Camille &amp; Quentin Chappuis, Antonin Chatelain, Mathias Liengme 2009-2013 J&rsquo;ai choisi le chemin qui me convient Et c&rsquo;est la seule fa\u00e7on dont je veux vivre Ne me dites pas ce que je dois faire ni o\u00f9 je dois aller Mon c\u0153ur est&hellip; <a href=\"http:\/\/theitwins.ch\/fr\/the-way-for-me\/traduction\/\">Read more &rarr;<\/a><\/p>\n","protected":false},"author":3,"featured_media":0,"parent":798,"menu_order":0,"comment_status":"closed","ping_status":"closed","template":"","meta":{"sfsi_plus_gutenberg_text_before_share":"","sfsi_plus_gutenberg_show_text_before_share":"","sfsi_plus_gutenberg_icon_type":"","sfsi_plus_gutenberg_icon_alignemt":"","sfsi_plus_gutenburg_max_per_row":""},"_links":{"self":[{"href":"http:\/\/theitwins.ch\/fr\/wp-json\/wp\/v2\/pages\/1038\/"}],"collection":[{"href":"http:\/\/theitwins.ch\/fr\/wp-json\/wp\/v2\/pages\/"}],"about":[{"href":"http:\/\/theitwins.ch\/fr\/wp-json\/wp\/v2\/types\/page\/"}],"author":[{"embeddable":true,"href":"http:\/\/theitwins.ch\/fr\/wp-json\/wp\/v2\/users\/3\/"}],"replies":[{"embeddable":true,"href":"http:\/\/theitwins.ch\/fr\/wp-json\/wp\/v2\/comments\/?post=1038"}],"version-history":[{"count":6,"href":"http:\/\/theitwins.ch\/fr\/wp-json\/wp\/v2\/pages\/1038\/revisions\/"}],"predecessor-version":[{"id":1084,"href":"http:\/\/theitwins.ch\/fr\/wp-json\/wp\/v2\/pages\/1038\/revisions\/1084\/"}],"up":[{"embeddable":true,"href":"http:\/\/theitwins.ch\/fr\/wp-json\/wp\/v2\/pages\/798\/"}],"wp:attachment":[{"href":"http:\/\/theitwins.ch\/fr\/wp-json\/wp\/v2\/media\/?parent=1038"}],"curies":[{"name":"wp","href":"https:\/\/api.w.org\/{rel}","templated":true}]}}